{"id":210,"date":"2024-05-08T14:32:11","date_gmt":"2024-05-08T18:32:11","guid":{"rendered":"https:\/\/mccaig.swlauriersb.qc.ca\/transportation\/"},"modified":"2024-05-28T14:49:52","modified_gmt":"2024-05-28T18:49:52","slug":"transport-scolaire","status":"publish","type":"page","link":"https:\/\/mccaig.swlauriersb.qc.ca\/fr\/services\/transport-scolaire\/","title":{"rendered":"Transport scolaire"},"content":{"rendered":"\n<p>Les parents peuvent acc\u00e9der aux renseignements sur le transport scolaire de leur enfant en cliquant sur le bouton \u00ab&nbsp;Transport et retour \u00e0 l\u2019\u00e9cole&nbsp;\u00bb sur le site Web de la SWLSB<a href=\"http:\/\/www.swlauriersb.qc.ca\"> www.swlauriersb.qc.ca<\/a>.<\/p>\n\n\n\n<p>Les lignes d\u2019autobus pour enfants sont \u00e9galement disponibles sur le portail des parents Mozaik.<\/p>\n\n\n\n<p>Nous encourageons les \u00e9l\u00e8ves \u00e0 prendre l\u2019autobus le premier jour d\u2019\u00e9cole, afin que le chauffeur se familiarise avec tous les \u00e9l\u00e8ves.<\/p>\n\n\n\n<p>Nous encourageons tous les \u00e9l\u00e8ves qui fr\u00e9quentent \u00e0 McCaig (qui ont des privil\u00e8ges d\u2019autobus) \u00e0 prendre l\u2019autobus afin de r\u00e9duire au minimum la congestion automobile \u00e0 l\u2019\u00e9cole pendant le d\u00e9p\u00f4t du matin et le ramassage de l\u2019apr\u00e8s-midi.<\/p>\n","protected":false},"excerpt":{"rendered":"<p>Les parents peuvent acc\u00e9der aux renseignements sur le transport scolaire de leur enfant en cliquant sur le bouton \u00ab&nbsp;Transport et retour \u00e0 l\u2019\u00e9cole&nbsp;\u00bb sur le site Web de la SWLSB www.swlauriersb.qc.ca. Les lignes d\u2019autobus pour enfants sont \u00e9galement disponibles sur le portail des parents Mozaik. Nous encourageons les \u00e9l\u00e8ves \u00e0 prendre l\u2019autobus le premier jour&hellip;<\/p>\n","protected":false},"author":1,"featured_media":0,"parent":213,"menu_order":0,"comment_status":"closed","ping_status":"closed","template":"","meta":{"_acf_changed":false,"_relevanssi_hide_post":"","_relevanssi_hide_content":"","_relevanssi_pin_for_all":"","_relevanssi_pin_keywords":"","_relevanssi_unpin_keywords":"","_relevanssi_related_keywords":"","_relevanssi_related_include_ids":"","_relevanssi_related_exclude_ids":"","_relevanssi_related_no_append":"","_relevanssi_related_not_related":"","_relevanssi_related_posts":"","_relevanssi_noindex_reason":"","footnotes":""},"acf":[],"_links":{"self":[{"href":"https:\/\/mccaig.swlauriersb.qc.ca\/fr\/wp-json\/wp\/v2\/pages\/210"}],"collection":[{"href":"https:\/\/mccaig.swlauriersb.qc.ca\/fr\/wp-json\/wp\/v2\/pages"}],"about":[{"href":"https:\/\/mccaig.swlauriersb.qc.ca\/fr\/wp-json\/wp\/v2\/types\/page"}],"author":[{"embeddable":true,"href":"https:\/\/mccaig.swlauriersb.qc.ca\/fr\/wp-json\/wp\/v2\/users\/1"}],"replies":[{"embeddable":true,"href":"https:\/\/mccaig.swlauriersb.qc.ca\/fr\/wp-json\/wp\/v2\/comments?post=210"}],"version-history":[{"count":2,"href":"https:\/\/mccaig.swlauriersb.qc.ca\/fr\/wp-json\/wp\/v2\/pages\/210\/revisions"}],"predecessor-version":[{"id":401,"href":"https:\/\/mccaig.swlauriersb.qc.ca\/fr\/wp-json\/wp\/v2\/pages\/210\/revisions\/401"}],"up":[{"embeddable":true,"href":"https:\/\/mccaig.swlauriersb.qc.ca\/fr\/wp-json\/wp\/v2\/pages\/213"}],"wp:attachment":[{"href":"https:\/\/mccaig.swlauriersb.qc.ca\/fr\/wp-json\/wp\/v2\/media?parent=210"}],"curies":[{"name":"wp","href":"https:\/\/api.w.org\/{rel}","templated":true}]}}