{"id":209,"date":"2024-05-08T14:32:44","date_gmt":"2024-05-08T18:32:44","guid":{"rendered":"https:\/\/mccaig.swlauriersb.qc.ca\/library\/"},"modified":"2024-05-28T14:48:51","modified_gmt":"2024-05-28T18:48:51","slug":"bibliotheque","status":"publish","type":"page","link":"https:\/\/mccaig.swlauriersb.qc.ca\/fr\/services\/bibliotheque\/","title":{"rendered":"Biblioth\u00e8que"},"content":{"rendered":"\n<h2 class=\"wp-block-heading\">Biblioth\u00e8que de l\u2019\u00e9cole<\/h2>\n\n\n\n<p>Il y a une grande s\u00e9lection de livres en anglais et en fran\u00e7ais disponibles pour les \u00e9l\u00e8ves \u00e0 lire et \u00e0 en profiter!&nbsp;&nbsp; Tous les \u00e9l\u00e8ves ont une p\u00e9riode de biblioth\u00e8que hebdomadaire pr\u00e9vue. Bien que nous ne dispensions pas d\u2019amendes pour les livres en retard, tous les parents\/ tuteurs sont pri\u00e9s de s\u2019assurer que les livres sont retourn\u00e9s rapidement et restent en bon \u00e9tat. &nbsp;Veuillez prendre note du jour de la biblioth\u00e8que de votre enfant et assurez-vous que les livres sont retourn\u00e9s \u00e0 temps.<\/p>\n\n\n\n<ul>\n<li>La plupart des \u00e9l\u00e8ves peuvent emprunter des livres pendant une semaine.<\/li>\n\n\n\n<li>Les livres doivent \u00eatre retourn\u00e9s \u00e0 temps et peuvent \u00eatre renouvel\u00e9s, au besoin.<\/li>\n\n\n\n<li>Des frais seront factur\u00e9s pour les livres perdus ou endommag\u00e9s. <strong><u><\/u><\/strong><\/li>\n<\/ul>\n","protected":false},"excerpt":{"rendered":"<p>Biblioth\u00e8que de l\u2019\u00e9cole Il y a une grande s\u00e9lection de livres en anglais et en fran\u00e7ais disponibles pour les \u00e9l\u00e8ves \u00e0 lire et \u00e0 en profiter!&nbsp;&nbsp; Tous les \u00e9l\u00e8ves ont une p\u00e9riode de biblioth\u00e8que hebdomadaire pr\u00e9vue. Bien que nous ne dispensions pas d\u2019amendes pour les livres en retard, tous les parents\/ tuteurs sont pri\u00e9s de&hellip;<\/p>\n","protected":false},"author":1,"featured_media":0,"parent":213,"menu_order":0,"comment_status":"closed","ping_status":"closed","template":"","meta":{"_acf_changed":false,"_relevanssi_hide_post":"","_relevanssi_hide_content":"","_relevanssi_pin_for_all":"","_relevanssi_pin_keywords":"","_relevanssi_unpin_keywords":"","_relevanssi_related_keywords":"","_relevanssi_related_include_ids":"","_relevanssi_related_exclude_ids":"","_relevanssi_related_no_append":"","_relevanssi_related_not_related":"","_relevanssi_related_posts":"","_relevanssi_noindex_reason":"","footnotes":""},"acf":[],"_links":{"self":[{"href":"https:\/\/mccaig.swlauriersb.qc.ca\/fr\/wp-json\/wp\/v2\/pages\/209"}],"collection":[{"href":"https:\/\/mccaig.swlauriersb.qc.ca\/fr\/wp-json\/wp\/v2\/pages"}],"about":[{"href":"https:\/\/mccaig.swlauriersb.qc.ca\/fr\/wp-json\/wp\/v2\/types\/page"}],"author":[{"embeddable":true,"href":"https:\/\/mccaig.swlauriersb.qc.ca\/fr\/wp-json\/wp\/v2\/users\/1"}],"replies":[{"embeddable":true,"href":"https:\/\/mccaig.swlauriersb.qc.ca\/fr\/wp-json\/wp\/v2\/comments?post=209"}],"version-history":[{"count":2,"href":"https:\/\/mccaig.swlauriersb.qc.ca\/fr\/wp-json\/wp\/v2\/pages\/209\/revisions"}],"predecessor-version":[{"id":402,"href":"https:\/\/mccaig.swlauriersb.qc.ca\/fr\/wp-json\/wp\/v2\/pages\/209\/revisions\/402"}],"up":[{"embeddable":true,"href":"https:\/\/mccaig.swlauriersb.qc.ca\/fr\/wp-json\/wp\/v2\/pages\/213"}],"wp:attachment":[{"href":"https:\/\/mccaig.swlauriersb.qc.ca\/fr\/wp-json\/wp\/v2\/media?parent=209"}],"curies":[{"name":"wp","href":"https:\/\/api.w.org\/{rel}","templated":true}]}}