{"id":208,"date":"2024-05-08T14:33:11","date_gmt":"2024-05-08T18:33:11","guid":{"rendered":"https:\/\/mccaig.swlauriersb.qc.ca\/cafeteria\/"},"modified":"2024-05-28T14:49:38","modified_gmt":"2024-05-28T18:49:38","slug":"service-traiteur","status":"publish","type":"page","link":"https:\/\/mccaig.swlauriersb.qc.ca\/fr\/services\/service-traiteur\/","title":{"rendered":"Service Traiteur"},"content":{"rendered":"\n<p>McCaig continuera d\u2019offrir un service complet de restauration pour le d\u00eener pour l\u2019ann\u00e9e scolaire 2023-2024. Cependant, veuillez noter qu\u2019il n\u2019y aura pas de service de restauration pendant les deux premi\u00e8res semaines de l\u2019\u00e9cole. Par cons\u00e9quent, veuillez envoyer votre enfant avec un repas jusqu\u2019au d\u00e9but du service.<\/p>\n\n\n\n<p>Nous vous rappelons que m\u00eame si vous commandez un repas pour votre enfant aupr\u00e8s du traiteur, vous devez l\u2019envoyer \u00e0 l\u2019\u00e9cole avec deux collations.<\/p>\n\n\n\n<p>Conform\u00e9ment \u00e0 notre \u00ab&nbsp;initiative verte&nbsp;\u00bb, nos repas de traiteur ne comprennent pas de bouteilles d\u2019eau ou d\u2019ustensiles en plastique jetables. Les parents qui utilisent les services du traiteur devront fournir des ustensiles r\u00e9utilisables.<\/p>\n\n\n\n<p>Le nom de notre fournisseur alimentaire est \u00ab&nbsp;Piccola Gioia&nbsp;\u00bb.&nbsp; Ils ne fournissent que des repas qui ont \u00e9t\u00e9 pr\u00e9command\u00e9s.&nbsp; Il n\u2019y a pas d\u2019autre nourriture \u00e0 vendre.&nbsp; Le menu est bas\u00e9 sur un horaire de rotation.<a href=\"https:\/\/www.piccolagioia.com\/schools\/\" target=\"_blank\" rel=\"noopener\"> Service de d\u00e9jeuner chaud<\/a><\/p>\n\n\n\n<p>Veuillez visiter leur site Web \u00e0 l\u2019adresse suivante&nbsp;:<a href=\"%20https:\/www.piccolagioia.com\/schools\/for%20pour%20en%20savoir%20plus%20sur%20leurs%20services.%20%20Le%20mot%20de%20passe%20pour%20McCaig%20est%20lunchtime.\"> https:\/\/www.piccolagioia.com\/schools\/for pour en savoir plus sur leurs services.&nbsp; Le mot de passe pour McCaig est lunchtime.<\/a><\/p>\n","protected":false},"excerpt":{"rendered":"<p>McCaig continuera d\u2019offrir un service complet de restauration pour le d\u00eener pour l\u2019ann\u00e9e scolaire 2023-2024. Cependant, veuillez noter qu\u2019il n\u2019y aura pas de service de restauration pendant les deux premi\u00e8res semaines de l\u2019\u00e9cole. Par cons\u00e9quent, veuillez envoyer votre enfant avec un repas jusqu\u2019au d\u00e9but du service. Nous vous rappelons que m\u00eame si vous commandez un&hellip;<\/p>\n","protected":false},"author":1,"featured_media":0,"parent":213,"menu_order":0,"comment_status":"closed","ping_status":"closed","template":"","meta":{"_acf_changed":false,"_relevanssi_hide_post":"","_relevanssi_hide_content":"","_relevanssi_pin_for_all":"","_relevanssi_pin_keywords":"","_relevanssi_unpin_keywords":"","_relevanssi_related_keywords":"","_relevanssi_related_include_ids":"","_relevanssi_related_exclude_ids":"","_relevanssi_related_no_append":"","_relevanssi_related_not_related":"","_relevanssi_related_posts":"","_relevanssi_noindex_reason":"","footnotes":""},"acf":[],"_links":{"self":[{"href":"https:\/\/mccaig.swlauriersb.qc.ca\/fr\/wp-json\/wp\/v2\/pages\/208"}],"collection":[{"href":"https:\/\/mccaig.swlauriersb.qc.ca\/fr\/wp-json\/wp\/v2\/pages"}],"about":[{"href":"https:\/\/mccaig.swlauriersb.qc.ca\/fr\/wp-json\/wp\/v2\/types\/page"}],"author":[{"embeddable":true,"href":"https:\/\/mccaig.swlauriersb.qc.ca\/fr\/wp-json\/wp\/v2\/users\/1"}],"replies":[{"embeddable":true,"href":"https:\/\/mccaig.swlauriersb.qc.ca\/fr\/wp-json\/wp\/v2\/comments?post=208"}],"version-history":[{"count":2,"href":"https:\/\/mccaig.swlauriersb.qc.ca\/fr\/wp-json\/wp\/v2\/pages\/208\/revisions"}],"predecessor-version":[{"id":397,"href":"https:\/\/mccaig.swlauriersb.qc.ca\/fr\/wp-json\/wp\/v2\/pages\/208\/revisions\/397"}],"up":[{"embeddable":true,"href":"https:\/\/mccaig.swlauriersb.qc.ca\/fr\/wp-json\/wp\/v2\/pages\/213"}],"wp:attachment":[{"href":"https:\/\/mccaig.swlauriersb.qc.ca\/fr\/wp-json\/wp\/v2\/media?parent=208"}],"curies":[{"name":"wp","href":"https:\/\/api.w.org\/{rel}","templated":true}]}}